{"id":5825,"date":"2023-10-06T22:49:09","date_gmt":"2023-10-06T21:49:09","guid":{"rendered":"https:\/\/www.sgs-schaakbond.nl\/?page_id=5825"},"modified":"2023-11-10T14:32:40","modified_gmt":"2023-11-10T13:32:40","slug":"sgs-viertallencompetitie-2023-2024","status":"publish","type":"page","link":"https:\/\/www.sgs-schaakbond.nl\/?page_id=5825","title":{"rendered":"SGS Viertallencompetitie 2023\/2024"},"content":{"rendered":"<p>Opgeven van teams, opzoeken van speeldata, nakijken en doorgeven van uitslagen doet u via <a href=\"https:\/\/sosc.netstand.nl\/\">NETSTAND<\/a><\/p>\n<p>KAMPIOENSKLASSE Gemiddelde rating basisteam &lt;= 1850. Maximale rating spelers en invallers:2000<br \/>\n1e KLASSE Gemiddelde rating basisteam &lt;= 1650. Maximale rating spelers en invallers:1800<br \/>\n2e KLASSE Gemiddelde rating basisteam &lt;= 1450. Maximale rating spelers en invallers:1600<\/p>\n<p>Dispensaties :<br \/>\n1e Klasse : Ons Genoegen 1 (dispensatie Joost Marcus 1923)<br \/>\n2e Klasse : En Passant (dispensatie Monica Reichardt 1644)<\/p>\n<p>Ratingloze spelers :<br \/>\nVolgens het nieuwe reglement moeten verenigingen die m\u00e9\u00e9r dan \u00e9\u00e9n ratingloze speler opstellen in de viertallencompetitie hiervoor uitdrukkelijke toestemming hebben van de competitieleider.<br \/>\nDe volgende teams hebben toestemming gekregen:<br \/>\n1e Klasse : Houten 1 (Jan van Delden, Thomas Huften)<br \/>\n2e Klasse : Rhenen 1 (Jan Ashof, Karel Troostheide)<br \/>\n2e Klasse : Hoevelaken 3 (Wessel van Koot, Timo van Drie)<br \/>\n2e Klasse : Leusden 2 (Tim Both, Bas Matthee, Marcel Visser, Michiel Huizer)<\/p>\n","protected":false},"excerpt":{"rendered":"<p>Opgeven van teams, opzoeken van speeldata, nakijken en doorgeven van uitslagen doet u via NETSTAND KAMPIOENSKLASSE Gemiddelde rating basisteam &lt;=<\/p>\n","protected":false},"author":5,"featured_media":0,"parent":0,"menu_order":0,"comment_status":"closed","ping_status":"closed","template":"","meta":{"ngg_post_thumbnail":0,"footnotes":""},"class_list":["post-5825","page","type-page","status-publish","hentry"],"rttpg_featured_image_url":null,"rttpg_author":{"display_name":"Marc Jongerius","author_link":"https:\/\/www.sgs-schaakbond.nl\/?author=5"},"rttpg_comment":0,"rttpg_category":null,"rttpg_excerpt":"Opgeven van teams, opzoeken van speeldata, nakijken en doorgeven van uitslagen doet u via NETSTAND KAMPIOENSKLASSE Gemiddelde rating basisteam &lt;=","_links":{"self":[{"href":"https:\/\/www.sgs-schaakbond.nl\/index.php?rest_route=\/wp\/v2\/pages\/5825","targetHints":{"allow":["GET"]}}],"collection":[{"href":"https:\/\/www.sgs-schaakbond.nl\/index.php?rest_route=\/wp\/v2\/pages"}],"about":[{"href":"https:\/\/www.sgs-schaakbond.nl\/index.php?rest_route=\/wp\/v2\/types\/page"}],"author":[{"embeddable":true,"href":"https:\/\/www.sgs-schaakbond.nl\/index.php?rest_route=\/wp\/v2\/users\/5"}],"replies":[{"embeddable":true,"href":"https:\/\/www.sgs-schaakbond.nl\/index.php?rest_route=%2Fwp%2Fv2%2Fcomments&post=5825"}],"version-history":[{"count":0,"href":"https:\/\/www.sgs-schaakbond.nl\/index.php?rest_route=\/wp\/v2\/pages\/5825\/revisions"}],"wp:attachment":[{"href":"https:\/\/www.sgs-schaakbond.nl\/index.php?rest_route=%2Fwp%2Fv2%2Fmedia&parent=5825"}],"curies":[{"name":"wp","href":"https:\/\/api.w.org\/{rel}","templated":true}]}}